{"id":2026,"date":"2018-06-03T21:38:52","date_gmt":"2018-06-03T19:38:52","guid":{"rendered":"https:\/\/ubicca.com\/?page_id=2026"},"modified":"2022-04-11T15:09:29","modified_gmt":"2022-04-11T13:09:29","slug":"privacy-policy","status":"publish","type":"page","link":"https:\/\/ubicca.com\/en\/privacy-policy\/","title":{"rendered":"Privacy Policy"},"content":{"rendered":"<div class=\"wpb-content-wrapper\">[vc_row][vc_column][vc_column_text]\n<h3>GENERAL INFORMATION<\/h3>\n<p>En cumplimiento de lo establecido en la LOPD 15\/1999, de 13 de diciembre, sobre Protecci\u00f3n de Datos de Car\u00e1cter Personal, Ubicca Consultor\u00eda de Espacios SL le informa de que los datos que nos facilite ser\u00e1n incluidos y tratados en un fichero automatizado propiedad de Ubicca Consultor\u00eda de Espacios SL, con la finalidad de atender su solicitud de informaci\u00f3n, as\u00ed como mantenerlo informado mediante comunicaciones comerciales sobre todos nuestros servicios y soluciones. En este sentido, usted consiente de forma expresa a que sus datos sean tratados por Ubicca Consultor\u00eda de Espacios SL, con la finalidad anteriormente indicada. Para ejercitar sus derechos de acceso, rectificaci\u00f3n, cancelaci\u00f3n y oposici\u00f3n previstos en la legislaci\u00f3n vigente, puede dirigirse a Ubicca Consultor\u00eda de Espacios SL en la calle Musgo 2, Edifcio Europa II, oficina 2D,\u00a028023 Madrid o directamente en el correo electr\u00f3nico\u00a0administracion@ubicca.com<\/p>\n<p>&nbsp;<\/p>\n<h3>PRIVACY NOTICE<\/h3>\n<p>En caso de recibir un email de Ubicca Consultor\u00eda de Espacios SL, este y sus documentos adjuntos ser\u00e1n confidenciales y se dirigir\u00e1n exclusivamente a sus destinatarios. Si por error usted ha recibido un correo electr\u00f3nico del anterior destinatario, rogamos que nos lo comunique inmediatamente por esa misma v\u00eda y proceda a eliminar el mensaje en su sistema. Queda prohibida la copia y divulgaci\u00f3n sin la previa autorizaci\u00f3n por escrito de Ubicca Consultor\u00eda de Espacios SL, seg\u00fan establece la legislaci\u00f3n vigente.<\/p>\n<p>&nbsp;<\/p>\n<h3>QUALITY AND ENVIRONMENTAL POLICY<\/h3>\n<p>Ubicca Consultor\u00eda de Espacios est\u00e1 comprometida con la calidad y protecci\u00f3n del medio ambiente y el desarrollo sostenible de los proyectos y obras que realizamos para garantizar la m\u00e1xima satisfacci\u00f3n de nuestros clientes y respeto por el medio ambiente y la sostenibilidad.<\/p>\n<p>Ubicca dispone de un Sistema Integrado de Gesti\u00f3n de Calidad y Ambiental basado en las normas UNE-EN-ISO 9001:2015 y UNE-EN-ISO 14001:2015. La Direcci\u00f3n de Ubicca se compromete a cumplir y comunicar los siguientes valores y compromisos:<\/p>\n<ol>\n<li>Ofrecer soluciones orientadas a la satisfacci\u00f3n de nuestros clientes.<\/li>\n<li>Impulsar una cultura en la organizaci\u00f3n que permita anticiparse a las necesidades de nuestros clientes, con el objetivo de superar sus expectativas y reducir los impactos ambientales.<\/li>\n<li>Cumplir con los requisitos del cliente, los legales y reglamentarios de obligado cumplimiento y los establecidos internamente.<\/li>\n<li>Fomentar la participaci\u00f3n de los trabajadores y su desarrollo personal y profesional.<\/li>\n<li>Enfoque de la Direcci\u00f3n orientado a la mejora continua, actualizando nuestros procesos internos y c\u00f3digos de buenas pr\u00e1cticas.<\/li>\n<li>Desarrollar nuestras actividades con respeto al medio ambiente mediante el uso sostenible de recursos, utilizando materiales reciclables en la medida de lo posible, de forma que se contribuya a la protecci\u00f3n del medio ambiente, desarrollo sostenible y prevenci\u00f3n de la contaminaci\u00f3n.<\/li>\n<\/ol>\n<p>La calidad y protecci\u00f3n del medio ambiente es un compromiso y responsabilidad de todo el personal de Ubicca y participan de forma activa en el mantenimiento y mejora continua de nuestro Sistema de Gesti\u00f3n de Calidad y Ambiental.<\/p>\n<p>la Direcci\u00f3n se compromete a disponer de los recursos humanos y materiales necesarios para cumplir con los requisitos de las actividades que se desarrollan, los objetivos y mejorar continuamente la eficacia y desempe\u00f1o de nuestro Sistema de Gesti\u00f3n de Calidad y Ambiental. Esta pol\u00edtica ambiental es revisada anualmente para su adecuaci\u00f3n al prop\u00f3sito, contexto de la organizaci\u00f3n, impactos ambientales y direcci\u00f3n estrat\u00e9gica. Se comunica y est\u00e1 disponible para las partes interesadas pertinentes.<\/p>\n<p><em>La Direcci\u00f3n de Ubicca Consultor\u00eda de Espacios, a cuatro de abril de 2016.<\/em>[\/vc_column_text][\/vc_column][\/vc_row]\n<\/div>","protected":false},"excerpt":{"rendered":"<p>[vc_row][vc_column][vc_column_text] GENERAL INFORMATION En cumplimiento de lo establecido en la LOPD 15\/1999, de 13 de diciembre, sobre Protecci\u00f3n de Datos de Car\u00e1cter Personal, Ubicca Consultor\u00eda de Espacios SL le informa de que los datos que nos facilite ser\u00e1n incluidos y tratados en un fichero automatizado propiedad de Ubicca Consultor\u00eda de Espacios SL, con la finalidad&hellip;<\/p>\n","protected":false},"author":1,"featured_media":0,"parent":0,"menu_order":8,"comment_status":"closed","ping_status":"closed","template":"","meta":{"footnotes":""},"class_list":["post-2026","page","type-page","status-publish","hentry"],"_links":{"self":[{"href":"https:\/\/ubicca.com\/en\/wp-json\/wp\/v2\/pages\/2026","targetHints":{"allow":["GET"]}}],"collection":[{"href":"https:\/\/ubicca.com\/en\/wp-json\/wp\/v2\/pages"}],"about":[{"href":"https:\/\/ubicca.com\/en\/wp-json\/wp\/v2\/types\/page"}],"author":[{"embeddable":true,"href":"https:\/\/ubicca.com\/en\/wp-json\/wp\/v2\/users\/1"}],"replies":[{"embeddable":true,"href":"https:\/\/ubicca.com\/en\/wp-json\/wp\/v2\/comments?post=2026"}],"version-history":[{"count":1,"href":"https:\/\/ubicca.com\/en\/wp-json\/wp\/v2\/pages\/2026\/revisions"}],"predecessor-version":[{"id":4387,"href":"https:\/\/ubicca.com\/en\/wp-json\/wp\/v2\/pages\/2026\/revisions\/4387"}],"wp:attachment":[{"href":"https:\/\/ubicca.com\/en\/wp-json\/wp\/v2\/media?parent=2026"}],"curies":[{"name":"wp","href":"https:\/\/api.w.org\/{rel}","templated":true}]}}